{"id":1635,"date":"2021-05-13T08:56:49","date_gmt":"2021-05-13T08:56:49","guid":{"rendered":"http:\/\/z.commonsupport.com\/lebulid\/?page_id=15"},"modified":"2025-10-15T10:33:19","modified_gmt":"2025-10-15T07:33:19","slug":"home-page-03","status":"publish","type":"page","link":"https:\/\/ovaboru.com\/","title":{"rendered":"Anasayfa"},"content":{"rendered":"\t\t<div data-elementor-type=\"wp-page\" data-elementor-id=\"1635\" class=\"elementor elementor-1635\">\n\t\t\t\t\t\t<section class=\"elementor-section elementor-top-section elementor-element elementor-element-1094ce3f elementor-section-full_width elementor-section-height-default elementor-section-height-default\" data-id=\"1094ce3f\" data-element_type=\"section\">\n\t\t\t\t\t\t\t<div class=\"elementor-background-overlay\"><\/div>\n\t\t\t\t\t\t\t<div class=\"elementor-container elementor-column-gap-no\">\n\t\t\t\t\t<div class=\"elementor-column elementor-col-100 elementor-top-column elementor-element elementor-element-7eb9e43e\" data-id=\"7eb9e43e\" data-element_type=\"column\">\n\t\t\t<div class=\"elementor-widget-wrap elementor-element-populated\">\n\t\t\t\t\t\t<div class=\"elementor-element elementor-element-cade99d elementor-widget elementor-widget-video\" data-id=\"cade99d\" data-element_type=\"widget\" data-settings=\"{&quot;video_type&quot;:&quot;hosted&quot;,&quot;autoplay&quot;:&quot;yes&quot;,&quot;play_on_mobile&quot;:&quot;yes&quot;,&quot;controls&quot;:&quot;yes&quot;}\" data-widget_type=\"video.default\">\n\t\t\t\t<div class=\"elementor-widget-container\">\n\t\t\t\t\t\t\t<div class=\"e-hosted-video elementor-wrapper elementor-open-inline\">\n\t\t\t\t\t<video class=\"elementor-video\" src=\"https:\/\/ovaboru.com\/wp-content\/uploads\/2025\/08\/video.mp4\" autoplay=\"\" controls=\"\" playsinline=\"\" controlsList=\"nodownload\"><\/video>\n\t\t\t\t<\/div>\n\t\t\t\t\t\t<\/div>\n\t\t\t\t<\/div>\n\t\t\t\t\t<\/div>\n\t\t<\/div>\n\t\t\t\t\t<\/div>\n\t\t<\/section>\n\t\t\t\t<section class=\"elementor-section elementor-top-section elementor-element elementor-element-6e421513 elementor-section-stretched elementor-section-boxed elementor-section-height-default elementor-section-height-default\" data-id=\"6e421513\" data-element_type=\"section\" data-settings=\"{&quot;stretch_section&quot;:&quot;section-stretched&quot;}\">\n\t\t\t\t\t\t<div class=\"elementor-container elementor-column-gap-no\">\n\t\t\t\t\t<div class=\"elementor-column elementor-col-50 elementor-top-column elementor-element elementor-element-69950ba0\" data-id=\"69950ba0\" data-element_type=\"column\">\n\t\t\t<div class=\"elementor-widget-wrap elementor-element-populated\">\n\t\t\t\t\t\t<div class=\"elementor-element elementor-element-9128f1a elementor-widget elementor-widget-heading\" data-id=\"9128f1a\" data-element_type=\"widget\" data-widget_type=\"heading.default\">\n\t\t\t\t<div class=\"elementor-widget-container\">\n\t\t\t\t\t<h1 class=\"elementor-heading-title elementor-size-default\">OVA BORU<\/h1>\t\t\t\t<\/div>\n\t\t\t\t<\/div>\n\t\t\t\t<div class=\"elementor-element elementor-element-2b2cbdc elementor-widget elementor-widget-text-editor\" data-id=\"2b2cbdc\" data-element_type=\"widget\" data-widget_type=\"text-editor.default\">\n\t\t\t\t<div class=\"elementor-widget-container\">\n\t\t\t\t\t\t\t\t\t<p>olarak hedefimiz; Sekt\u00f6r\u00fcnde en \u00fcst d\u00fczeyde yer almak,<br \/>m\u00fc\u015fteri portf\u00f6y\u00fcm\u00fcz\u00fc geni\u015fletmek, siz de\u011ferli<br \/>m\u00fc\u015fterilerimizin ihtiya\u00e7lar\u0131na s\u00fcrd\u00fcr\u00fclebilir, etkili ve h\u0131zl\u0131<br \/>\u00e7\u00f6z\u00fcmler \u00fcretmektir.<br \/>Ova boru yenilik\u00e7i, \u00e7a\u011fda\u015f ve giri\u015fimci yap\u0131s\u0131yla m\u00fc\u015fteri<br \/>odakl\u0131 d\u00fcr\u00fcst ve g\u00fcveni \u00f6n plana \u00e7\u0131karan bir anlay\u0131\u015f\u0131<br \/>benimsemi\u015ftir.<\/p>\t\t\t\t\t\t\t\t<\/div>\n\t\t\t\t<\/div>\n\t\t\t\t\t<\/div>\n\t\t<\/div>\n\t\t\t\t<div class=\"elementor-column elementor-col-50 elementor-top-column elementor-element elementor-element-6e3b3d96\" data-id=\"6e3b3d96\" data-element_type=\"column\">\n\t\t\t<div class=\"elementor-widget-wrap elementor-element-populated\">\n\t\t\t\t\t\t<div class=\"elementor-element elementor-element-fa29f4b elementor-widget elementor-widget-image\" data-id=\"fa29f4b\" data-element_type=\"widget\" data-widget_type=\"image.default\">\n\t\t\t\t<div class=\"elementor-widget-container\">\n\t\t\t\t\t\t\t\t\t\t\t\t\t\t\t<img decoding=\"async\" src=\"https:\/\/ovaboru.com\/wp-content\/uploads\/elementor\/thumbs\/ovaboru-hakkimizda-raft0rpr3zl5z5qvttczf3i5efq2oqyv1o32b09z60.png\" title=\"ovaboru-hakk\u0131m\u0131zda\" alt=\"ovaboru-hakk\u0131m\u0131zda\" loading=\"lazy\" \/>\t\t\t\t\t\t\t\t\t\t\t\t\t\t\t<\/div>\n\t\t\t\t<\/div>\n\t\t\t\t\t<\/div>\n\t\t<\/div>\n\t\t\t\t\t<\/div>\n\t\t<\/section>\n\t\t\t\t<section class=\"elementor-section elementor-top-section elementor-element elementor-element-7a070757 elementor-section-stretched elementor-section-boxed elementor-section-height-default elementor-section-height-default\" data-id=\"7a070757\" data-element_type=\"section\" data-settings=\"{&quot;stretch_section&quot;:&quot;section-stretched&quot;,&quot;background_background&quot;:&quot;classic&quot;}\">\n\t\t\t\t\t\t\t<div class=\"elementor-background-overlay\"><\/div>\n\t\t\t\t\t\t\t<div class=\"elementor-container elementor-column-gap-no\">\n\t\t\t\t\t<div class=\"elementor-column elementor-col-100 elementor-top-column elementor-element elementor-element-65af368a\" data-id=\"65af368a\" data-element_type=\"column\" data-settings=\"{&quot;background_background&quot;:&quot;classic&quot;}\">\n\t\t\t<div class=\"elementor-widget-wrap elementor-element-populated\">\n\t\t\t\t\t\t<div class=\"elementor-element elementor-element-60de301 elementor-widget elementor-widget-heading\" data-id=\"60de301\" data-element_type=\"widget\" data-widget_type=\"heading.default\">\n\t\t\t\t<div class=\"elementor-widget-container\">\n\t\t\t\t\t<h2 class=\"elementor-heading-title elementor-size-default\">Neden Ova Boru?<\/h2>\t\t\t\t<\/div>\n\t\t\t\t<\/div>\n\t\t\t\t<div class=\"elementor-element elementor-element-20d15ca elementor-widget__width-initial elementor-widget elementor-widget-text-editor\" data-id=\"20d15ca\" data-element_type=\"widget\" data-widget_type=\"text-editor.default\">\n\t\t\t\t<div class=\"elementor-widget-container\">\n\t\t\t\t\t\t\t\t\tOva Boru olarak, sondaj makineleri ve borular\u0131\nimalat\u0131nda y\u00fcksek kalite ve g\u00fcvenilirli\u011fi bir araya\ngetiriyoruz. Plastik sondaj su borular\u0131 bayili\u011fimizle de\nsekt\u00f6rde \u00f6nc\u00fc bir konumday\u0131z. M\u00fc\u015fterilerimize yenilik\u00e7i\nve dayan\u0131kl\u0131 \u00e7\u00f6z\u00fcmler sunarak, sondaj projelerinizde\ng\u00fcvenilir bir ortak olmay\u0131 hedefliyoruz. Tecr\u00fcbemiz ve\nuzman kadromuzla, her zaman en iyi hizmeti sunmak i\u00e7in\nburaday\u0131z.\t\t\t\t\t\t\t\t<\/div>\n\t\t\t\t<\/div>\n\t\t\t\t\t<\/div>\n\t\t<\/div>\n\t\t\t\t\t<\/div>\n\t\t<\/section>\n\t\t<div class=\"elementor-element elementor-element-71c0690 e-flex e-con-boxed e-con e-parent\" data-id=\"71c0690\" data-element_type=\"container\" data-settings=\"{&quot;background_background&quot;:&quot;classic&quot;}\">\n\t\t\t\t\t<div class=\"e-con-inner\">\n\t\t\t\t<div class=\"elementor-element elementor-element-a11a120 elementor-widget elementor-widget-heading\" data-id=\"a11a120\" data-element_type=\"widget\" data-widget_type=\"heading.default\">\n\t\t\t\t<div class=\"elementor-widget-container\">\n\t\t\t\t\t<h1 class=\"elementor-heading-title elementor-size-default\">N E L E R      Y A P I Y O R U Z  ?<\/h1>\t\t\t\t<\/div>\n\t\t\t\t<\/div>\n\t\t\t\t\t<\/div>\n\t\t\t\t<\/div>\n\t\t<div class=\"elementor-element elementor-element-a3dec69 e-flex e-con-boxed e-con e-parent\" data-id=\"a3dec69\" data-element_type=\"container\" data-settings=\"{&quot;background_background&quot;:&quot;classic&quot;}\">\n\t\t\t\t\t<div class=\"e-con-inner\">\n\t\t<div class=\"elementor-element elementor-element-63e02c3 e-con-full e-flex e-con e-child\" data-id=\"63e02c3\" data-element_type=\"container\">\n\t\t\t\t<div class=\"elementor-element elementor-element-cca96d3 elementor-widget elementor-widget-image\" data-id=\"cca96d3\" data-element_type=\"widget\" data-widget_type=\"image.default\">\n\t\t\t\t<div class=\"elementor-widget-container\">\n\t\t\t\t\t\t\t\t\t\t\t\t\t\t\t<img fetchpriority=\"high\" decoding=\"async\" width=\"500\" height=\"400\" src=\"https:\/\/ovaboru.com\/wp-content\/uploads\/2025\/08\/ovaboru1.png\" class=\"attachment-full size-full wp-image-1997\" alt=\"\" srcset=\"https:\/\/ovaboru.com\/wp-content\/uploads\/2025\/08\/ovaboru1.png 500w, https:\/\/ovaboru.com\/wp-content\/uploads\/2025\/08\/ovaboru1-300x240.png 300w\" sizes=\"(max-width: 500px) 100vw, 500px\" \/>\t\t\t\t\t\t\t\t\t\t\t\t\t\t\t<\/div>\n\t\t\t\t<\/div>\n\t\t\t\t<\/div>\n\t\t<div class=\"elementor-element elementor-element-34c93fe e-con-full e-flex e-con e-child\" data-id=\"34c93fe\" data-element_type=\"container\">\n\t\t\t\t<div class=\"elementor-element elementor-element-9776635 elementor-widget elementor-widget-image\" data-id=\"9776635\" data-element_type=\"widget\" data-widget_type=\"image.default\">\n\t\t\t\t<div class=\"elementor-widget-container\">\n\t\t\t\t\t\t\t\t\t\t\t\t\t\t\t<img decoding=\"async\" width=\"500\" height=\"400\" src=\"https:\/\/ovaboru.com\/wp-content\/uploads\/2025\/08\/ovaboru2.png\" class=\"attachment-full size-full wp-image-1998\" alt=\"\" srcset=\"https:\/\/ovaboru.com\/wp-content\/uploads\/2025\/08\/ovaboru2.png 500w, https:\/\/ovaboru.com\/wp-content\/uploads\/2025\/08\/ovaboru2-300x240.png 300w\" sizes=\"(max-width: 500px) 100vw, 500px\" \/>\t\t\t\t\t\t\t\t\t\t\t\t\t\t\t<\/div>\n\t\t\t\t<\/div>\n\t\t\t\t<\/div>\n\t\t<div class=\"elementor-element elementor-element-e2b8f16 e-con-full e-flex e-con e-child\" data-id=\"e2b8f16\" data-element_type=\"container\">\n\t\t\t\t<div class=\"elementor-element elementor-element-94e4b01 elementor-widget elementor-widget-image\" data-id=\"94e4b01\" data-element_type=\"widget\" data-widget_type=\"image.default\">\n\t\t\t\t<div class=\"elementor-widget-container\">\n\t\t\t\t\t\t\t\t\t\t\t\t\t\t\t<img decoding=\"async\" width=\"500\" height=\"400\" src=\"https:\/\/ovaboru.com\/wp-content\/uploads\/2025\/08\/ovaboru3.png\" class=\"attachment-full size-full wp-image-1999\" alt=\"\" srcset=\"https:\/\/ovaboru.com\/wp-content\/uploads\/2025\/08\/ovaboru3.png 500w, https:\/\/ovaboru.com\/wp-content\/uploads\/2025\/08\/ovaboru3-300x240.png 300w\" sizes=\"(max-width: 500px) 100vw, 500px\" \/>\t\t\t\t\t\t\t\t\t\t\t\t\t\t\t<\/div>\n\t\t\t\t<\/div>\n\t\t\t\t<\/div>\n\t\t<div class=\"elementor-element elementor-element-60ea276 e-con-full e-flex e-con e-child\" data-id=\"60ea276\" data-element_type=\"container\">\n\t\t\t\t<div class=\"elementor-element elementor-element-e857ebb elementor-widget elementor-widget-image\" data-id=\"e857ebb\" data-element_type=\"widget\" data-widget_type=\"image.default\">\n\t\t\t\t<div class=\"elementor-widget-container\">\n\t\t\t\t\t\t\t\t\t\t\t\t\t\t\t<img loading=\"lazy\" decoding=\"async\" width=\"500\" height=\"400\" src=\"https:\/\/ovaboru.com\/wp-content\/uploads\/2025\/08\/ovaboru4.png\" class=\"attachment-full size-full wp-image-2000\" alt=\"\" srcset=\"https:\/\/ovaboru.com\/wp-content\/uploads\/2025\/08\/ovaboru4.png 500w, https:\/\/ovaboru.com\/wp-content\/uploads\/2025\/08\/ovaboru4-300x240.png 300w\" sizes=\"(max-width: 500px) 100vw, 500px\" \/>\t\t\t\t\t\t\t\t\t\t\t\t\t\t\t<\/div>\n\t\t\t\t<\/div>\n\t\t\t\t<\/div>\n\t\t\t\t\t<\/div>\n\t\t\t\t<\/div>\n\t\t<div class=\"elementor-element elementor-element-a33854d e-flex e-con-boxed e-con e-parent\" data-id=\"a33854d\" data-element_type=\"container\" data-settings=\"{&quot;background_background&quot;:&quot;classic&quot;}\">\n\t\t\t\t\t<div class=\"e-con-inner\">\n\t\t<div class=\"elementor-element elementor-element-0ee4025 e-con-full e-flex e-con e-child\" data-id=\"0ee4025\" data-element_type=\"container\">\n\t\t\t\t<div class=\"elementor-element elementor-element-687e952 elementor-widget elementor-widget-heading\" data-id=\"687e952\" data-element_type=\"widget\" data-widget_type=\"heading.default\">\n\t\t\t\t<div class=\"elementor-widget-container\">\n\t\t\t\t\t<h6 class=\"elementor-heading-title elementor-size-default\">Spiral Kaynakl\u0131\n\u00c7elik Borular<\/h6>\t\t\t\t<\/div>\n\t\t\t\t<\/div>\n\t\t\t\t<div class=\"elementor-element elementor-element-91512d8 elementor-widget elementor-widget-text-editor\" data-id=\"91512d8\" data-element_type=\"widget\" data-widget_type=\"text-editor.default\">\n\t\t\t\t<div class=\"elementor-widget-container\">\n\t\t\t\t\t\t\t\t\t<p>\u0130ki spiral boru \u00fcretim<br \/>hatt\u0131yla 3-25mm et<br \/>kal\u0131nl\u0131\u011f\u0131nda ve 168,3 &#8211;<br \/>3540mm \u00e7ap aral\u0131\u011f\u0131nda<br \/>y\u0131ll\u0131k 150.000 ton \u00fcretim<br \/>kapasitesiyle spiral<br \/>kaynakl\u0131 \u00e7elik boru<br \/>\u00fcretmekteyiz.<\/p>\t\t\t\t\t\t\t\t<\/div>\n\t\t\t\t<\/div>\n\t\t\t\t<\/div>\n\t\t<div class=\"elementor-element elementor-element-0847ecf e-con-full e-flex e-con e-child\" data-id=\"0847ecf\" data-element_type=\"container\">\n\t\t\t\t<div class=\"elementor-element elementor-element-7beb3c8 elementor-widget elementor-widget-heading\" data-id=\"7beb3c8\" data-element_type=\"widget\" data-widget_type=\"heading.default\">\n\t\t\t\t<div class=\"elementor-widget-container\">\n\t\t\t\t\t<h6 class=\"elementor-heading-title elementor-size-default\">Kaplamalar<\/h6>\t\t\t\t<\/div>\n\t\t\t\t<\/div>\n\t\t\t\t<div class=\"elementor-element elementor-element-7ae9c9b elementor-widget elementor-widget-text-editor\" data-id=\"7ae9c9b\" data-element_type=\"widget\" data-widget_type=\"text-editor.default\">\n\t\t\t\t<div class=\"elementor-widget-container\">\n\t\t\t\t\t\t\t\t\t<p>Ova Boru olarak<br \/>fabrikam\u0131zda \u00fcr etti\u011fimiz<br \/>168,3 &#8211; 3540mm<br \/>\u00e7ap\u0131ndaki spiral kaynakl\u0131<br \/>\u00e7elik borulara ayr\u0131ca<br \/>boyuna kaynakl\u0131 ERW<br \/>borulara i\u00e7 ve d\u0131\u015f<br \/>kaplamalar yapmaktay\u0131z.<\/p>\t\t\t\t\t\t\t\t<\/div>\n\t\t\t\t<\/div>\n\t\t\t\t<\/div>\n\t\t<div class=\"elementor-element elementor-element-cef735a e-con-full e-flex e-con e-child\" data-id=\"cef735a\" data-element_type=\"container\">\n\t\t\t\t<div class=\"elementor-element elementor-element-3e97034 elementor-widget elementor-widget-heading\" data-id=\"3e97034\" data-element_type=\"widget\" data-widget_type=\"heading.default\">\n\t\t\t\t<div class=\"elementor-widget-container\">\n\t\t\t\t\t<h6 class=\"elementor-heading-title elementor-size-default\">ERW \u00c7elik Boru Testli Borular<\/h6>\t\t\t\t<\/div>\n\t\t\t\t<\/div>\n\t\t\t\t<div class=\"elementor-element elementor-element-c790193 elementor-widget elementor-widget-text-editor\" data-id=\"c790193\" data-element_type=\"widget\" data-widget_type=\"text-editor.default\">\n\t\t\t\t<div class=\"elementor-widget-container\">\n\t\t\t\t\t\t\t\t\t<p>Spiral kaynakl\u0131 \u00e7elik boru<br \/>\u00fcretim ve kapla mas\u0131<br \/>yan\u0131nda ERW Kaynakl\u0131<br \/>testli boru ticareti ve<br \/>Polietilen, Bit\u00fcm ve<br \/>Epoksi kaplamalar\u0131 da<br \/>yap\u0131lmaktad\u0131r.<\/p>\t\t\t\t\t\t\t\t<\/div>\n\t\t\t\t<\/div>\n\t\t\t\t<\/div>\n\t\t<div class=\"elementor-element elementor-element-f241313 e-con-full e-flex e-con e-child\" data-id=\"f241313\" data-element_type=\"container\">\n\t\t\t\t<div class=\"elementor-element elementor-element-58f104f elementor-widget elementor-widget-heading\" data-id=\"58f104f\" data-element_type=\"widget\" data-widget_type=\"heading.default\">\n\t\t\t\t<div class=\"elementor-widget-container\">\n\t\t\t\t\t<h6 class=\"elementor-heading-title elementor-size-default\">\u00c7elik Sondaj\nBorular\u0131<\/h6>\t\t\t\t<\/div>\n\t\t\t\t<\/div>\n\t\t\t\t<div class=\"elementor-element elementor-element-6ed425b elementor-widget elementor-widget-text-editor\" data-id=\"6ed425b\" data-element_type=\"widget\" data-widget_type=\"text-editor.default\">\n\t\t\t\t<div class=\"elementor-widget-container\">\n\t\t\t\t\t\t\t\t\t<p>Sondaj ve derin delme<br \/>i\u015flemlerinde kullan\u0131lan<br \/>dayan\u0131kl\u0131 ve sa\u011flam<br \/>borulard\u0131r. Y\u00fcksek<br \/>mukavemetleri ve<br \/>korozyon diren\u00e7leri<br \/>sayesinde uzun \u00f6m\u00fcrl\u00fc<br \/>kullan\u0131m sa\u011flarlar.<\/p>\t\t\t\t\t\t\t\t<\/div>\n\t\t\t\t<\/div>\n\t\t\t\t<\/div>\n\t\t\t\t\t<\/div>\n\t\t\t\t<\/div>\n\t\t<div class=\"elementor-element elementor-element-ae83810 e-flex e-con-boxed e-con e-parent\" data-id=\"ae83810\" data-element_type=\"container\" data-settings=\"{&quot;background_background&quot;:&quot;classic&quot;}\">\n\t\t\t\t\t<div class=\"e-con-inner\">\n\t\t\t\t<div class=\"elementor-element elementor-element-5ddad9f elementor-widget elementor-widget-heading\" data-id=\"5ddad9f\" data-element_type=\"widget\" data-widget_type=\"heading.default\">\n\t\t\t\t<div class=\"elementor-widget-container\">\n\t\t\t\t\t<h2 class=\"elementor-heading-title elementor-size-default\">\u00dc R E T \u0130 M \u0130 M \u0130 Z<\/h2>\t\t\t\t<\/div>\n\t\t\t\t<\/div>\n\t\t\t\t\t<\/div>\n\t\t\t\t<\/div>\n\t\t<div class=\"elementor-element elementor-element-70593b1 e-flex e-con-boxed e-con e-parent\" data-id=\"70593b1\" data-element_type=\"container\" data-settings=\"{&quot;background_background&quot;:&quot;classic&quot;}\">\n\t\t\t\t\t<div class=\"e-con-inner\">\n\t\t\t\t<div class=\"elementor-element elementor-element-2893680 elementor-widget elementor-widget-image\" data-id=\"2893680\" data-element_type=\"widget\" data-widget_type=\"image.default\">\n\t\t\t\t<div class=\"elementor-widget-container\">\n\t\t\t\t\t\t\t\t\t\t\t\t\t\t\t<img decoding=\"async\" src=\"https:\/\/ovaboru.com\/wp-content\/uploads\/elementor\/thumbs\/DSC_4299-scaled-rah64iu9om1wgsz11k5kreszwc3l50k12qhzldajs0.jpg\" title=\"DSC_4299\" alt=\"DSC_4299\" loading=\"lazy\" \/>\t\t\t\t\t\t\t\t\t\t\t\t\t\t\t<\/div>\n\t\t\t\t<\/div>\n\t\t\t\t<div class=\"elementor-element elementor-element-82b0af6 elementor-widget elementor-widget-image\" data-id=\"82b0af6\" data-element_type=\"widget\" data-widget_type=\"image.default\">\n\t\t\t\t<div class=\"elementor-widget-container\">\n\t\t\t\t\t\t\t\t\t\t\t\t\t\t\t<img decoding=\"async\" src=\"https:\/\/ovaboru.com\/wp-content\/uploads\/elementor\/thumbs\/DSC_4162-scaled-rah5vcwx1ri99oa9k3jiy827e39r3968tdik58vqg0.jpg\" title=\"DSC_4162\" alt=\"DSC_4162\" loading=\"lazy\" \/>\t\t\t\t\t\t\t\t\t\t\t\t\t\t\t<\/div>\n\t\t\t\t<\/div>\n\t\t\t\t<div class=\"elementor-element elementor-element-0ddc907 elementor-widget elementor-widget-image\" data-id=\"0ddc907\" data-element_type=\"widget\" data-widget_type=\"image.default\">\n\t\t\t\t<div class=\"elementor-widget-container\">\n\t\t\t\t\t\t\t\t\t\t\t\t\t\t\t<img decoding=\"async\" src=\"https:\/\/ovaboru.com\/wp-content\/uploads\/elementor\/thumbs\/DSC_4195-1-scaled-rah5zhff1l5k82ajgvqkw6l18yxqvfju1sl9yyrj4w.jpg\" title=\"DSC_4195\" alt=\"DSC_4195\" loading=\"lazy\" \/>\t\t\t\t\t\t\t\t\t\t\t\t\t\t\t<\/div>\n\t\t\t\t<\/div>\n\t\t\t\t\t<\/div>\n\t\t\t\t<\/div>\n\t\t<div class=\"elementor-element elementor-element-758ff63 e-flex e-con-boxed e-con e-parent\" data-id=\"758ff63\" data-element_type=\"container\" data-settings=\"{&quot;background_background&quot;:&quot;classic&quot;}\">\n\t\t\t\t\t<div class=\"e-con-inner\">\n\t\t\t\t<div class=\"elementor-element elementor-element-3066e8a elementor-widget elementor-widget-heading\" data-id=\"3066e8a\" data-element_type=\"widget\" data-widget_type=\"heading.default\">\n\t\t\t\t<div class=\"elementor-widget-container\">\n\t\t\t\t\t<h2 class=\"elementor-heading-title elementor-size-default\">\u00c7EL\u0130K BORUDA Y\u00dcKSELEN DE\u011eER<\/h2>\t\t\t\t<\/div>\n\t\t\t\t<\/div>\n\t\t\t\t\t<\/div>\n\t\t\t\t<\/div>\n\t\t\t\t<\/div>\n\t\t","protected":false},"excerpt":{"rendered":"<p>https:\/\/ovaboru.com\/wp-content\/uploads\/2025\/08\/video.mp4 OVA BORU olarak hedefimiz; Sekt\u00f6r\u00fcnde en \u00fcst d\u00fczeyde yer almak,m\u00fc\u015fteri portf\u00f6y\u00fcm\u00fcz\u00fc geni\u015fletmek, siz de\u011ferlim\u00fc\u015fterilerimizin ihtiya\u00e7lar\u0131na s\u00fcrd\u00fcr\u00fclebilir, etkili ve h\u0131zl\u0131\u00e7\u00f6z\u00fcmler \u00fcretmektir.Ova boru yenilik\u00e7i, \u00e7a\u011fda\u015f ve giri\u015fimci yap\u0131s\u0131yla m\u00fc\u015fteriodakl\u0131 d\u00fcr\u00fcst ve g\u00fcveni \u00f6n plana \u00e7\u0131karan bir anlay\u0131\u015f\u0131benimsemi\u015ftir. Neden Ova Boru? Ova Boru olarak, sondaj makineleri ve borular\u0131 imalat\u0131nda y\u00fcksek kalite ve g\u00fcvenilirli\u011fi bir araya getiriyoruz. Plastik [&hellip;]<\/p>\n","protected":false},"author":1,"featured_media":0,"parent":0,"menu_order":0,"comment_status":"closed","ping_status":"closed","template":"tpl-default-elementor.php","meta":{"footnotes":""},"class_list":["post-1635","page","type-page","status-publish","hentry"],"_links":{"self":[{"href":"https:\/\/ovaboru.com\/index.php\/wp-json\/wp\/v2\/pages\/1635","targetHints":{"allow":["GET"]}}],"collection":[{"href":"https:\/\/ovaboru.com\/index.php\/wp-json\/wp\/v2\/pages"}],"about":[{"href":"https:\/\/ovaboru.com\/index.php\/wp-json\/wp\/v2\/types\/page"}],"author":[{"embeddable":true,"href":"https:\/\/ovaboru.com\/index.php\/wp-json\/wp\/v2\/users\/1"}],"replies":[{"embeddable":true,"href":"https:\/\/ovaboru.com\/index.php\/wp-json\/wp\/v2\/comments?post=1635"}],"version-history":[{"count":118,"href":"https:\/\/ovaboru.com\/index.php\/wp-json\/wp\/v2\/pages\/1635\/revisions"}],"predecessor-version":[{"id":2283,"href":"https:\/\/ovaboru.com\/index.php\/wp-json\/wp\/v2\/pages\/1635\/revisions\/2283"}],"wp:attachment":[{"href":"https:\/\/ovaboru.com\/index.php\/wp-json\/wp\/v2\/media?parent=1635"}],"curies":[{"name":"wp","href":"https:\/\/api.w.org\/{rel}","templated":true}]}}